{"id":8,"date":"2025-08-03T10:20:57","date_gmt":"2025-08-03T10:20:57","guid":{"rendered":"https:\/\/ki-now.ch\/?page_id=8"},"modified":"2025-08-09T19:52:04","modified_gmt":"2025-08-09T19:52:04","slug":"main","status":"publish","type":"page","link":"https:\/\/ki-now.ch\/","title":{"rendered":"main"},"content":{"rendered":"\t\t<div data-elementor-type=\"wp-page\" data-elementor-id=\"8\" class=\"elementor elementor-8\" data-elementor-post-type=\"page\">\n\t\t\t\t<div class=\"elementor-element elementor-element-b831c2f e-flex e-con-boxed e-con e-parent\" data-id=\"b831c2f\" data-element_type=\"container\">\n\t\t\t\t\t<div class=\"e-con-inner\">\n\t\t\t\t<div class=\"elementor-element elementor-element-c959c2f elementor-widget elementor-widget-image\" data-id=\"c959c2f\" data-element_type=\"widget\" data-widget_type=\"image.default\">\n\t\t\t\t\t\t\t\t\t\t\t\t\t\t\t<img fetchpriority=\"high\" decoding=\"async\" width=\"600\" height=\"300\" src=\"https:\/\/ki-now.ch\/wp-content\/uploads\/2025\/08\/kinow.png\" class=\"attachment-large size-large wp-image-11\" alt=\"\" srcset=\"https:\/\/ki-now.ch\/wp-content\/uploads\/2025\/08\/kinow.png 600w, https:\/\/ki-now.ch\/wp-content\/uploads\/2025\/08\/kinow-300x150.png 300w\" sizes=\"(max-width: 600px) 100vw, 600px\" \/>\t\t\t\t\t\t\t\t\t\t\t\t\t\t\t<\/div>\n\t\t\t\t<div class=\"elementor-element elementor-element-db6eb74 elementor-widget elementor-widget-heading\" data-id=\"db6eb74\" data-element_type=\"widget\" data-widget_type=\"heading.default\">\n\t\t\t\t\t<h2 class=\"elementor-heading-title elementor-size-default\">Wir machen wirkungsvolle Zukunftsberatung f\u00fcr Unternehmen und sorgen f\u00fcr eine nachhaltige und erfolgreiche Umsetzung<\/h2>\t\t\t\t<\/div>\n\t\t\t\t<div class=\"elementor-element elementor-element-12cfa05 elementor-widget elementor-widget-heading\" data-id=\"12cfa05\" data-element_type=\"widget\" data-widget_type=\"heading.default\">\n\t\t\t\t\t<h2 class=\"elementor-heading-title elementor-size-default\">Mit Business-Automation, smarten KI-Tools und vielfach erprobten Strategien aus \u00fcber 20 Jahren Erfahrung in Vertrieb und Marketnig<\/h2>\t\t\t\t<\/div>\n\t\t\t\t\t<\/div>\n\t\t\t\t<\/div>\n\t\t<div class=\"elementor-element elementor-element-71069878 e-con-full e-flex e-con e-parent\" data-id=\"71069878\" data-element_type=\"container\" data-settings=\"{&quot;background_background&quot;:&quot;classic&quot;}\">\n\t\t<div class=\"elementor-element elementor-element-4a89864a e-con-full e-flex e-con e-child\" data-id=\"4a89864a\" data-element_type=\"container\" data-settings=\"{&quot;background_background&quot;:&quot;classic&quot;}\">\n\t\t\t\t<\/div>\n\t\t<div class=\"elementor-element elementor-element-2a28c6c0 e-con-full e-flex e-con e-child\" data-id=\"2a28c6c0\" data-element_type=\"container\" data-settings=\"{&quot;background_background&quot;:&quot;classic&quot;}\">\n\t\t\t\t<div class=\"elementor-element elementor-element-5289d3c8 elementor-widget elementor-widget-heading\" data-id=\"5289d3c8\" data-element_type=\"widget\" data-widget_type=\"heading.default\">\n\t\t\t\t\t<h2 class=\"elementor-heading-title elementor-size-default\">Ist Ihr Unternehmen fit f\u00fcr die Zukunft?<\/h2>\t\t\t\t<\/div>\n\t\t\t\t<div class=\"elementor-element elementor-element-7709ec0c elementor-widget elementor-widget-heading\" data-id=\"7709ec0c\" data-element_type=\"widget\" data-widget_type=\"heading.default\">\n\t\t\t\t\t<h2 class=\"elementor-heading-title elementor-size-default\">WIR MAChen SIE Hocheffizient UND RENTABEL<\/h2>\t\t\t\t<\/div>\n\t\t\t\t<div class=\"elementor-element elementor-element-4ff67b71 elementor-widget elementor-widget-text-editor\" data-id=\"4ff67b71\" data-element_type=\"widget\" data-widget_type=\"text-editor.default\">\n\t\t\t\t\t\t\t\t\t<p>Jeden Tag Fortschritt<\/p>\t\t\t\t\t\t\t\t<\/div>\n\t\t\t\t<div class=\"elementor-element elementor-element-46968c51 elementor-align-center elementor-widget elementor-widget-button\" data-id=\"46968c51\" data-element_type=\"widget\" data-widget_type=\"button.default\">\n\t\t\t\t\t\t\t\t\t\t<a class=\"elementor-button elementor-button-link elementor-size-lg elementor-animation-grow\" href=\"#\">\n\t\t\t\t\t\t<span class=\"elementor-button-content-wrapper\">\n\t\t\t\t\t\t\t\t\t<span class=\"elementor-button-text\">Anfrage stellen<\/span>\n\t\t\t\t\t<\/span>\n\t\t\t\t\t<\/a>\n\t\t\t\t\t\t\t\t<\/div>\n\t\t\t\t<\/div>\n\t\t<div class=\"elementor-element elementor-element-562db280 e-con-full e-flex e-con e-child\" data-id=\"562db280\" data-element_type=\"container\" data-settings=\"{&quot;background_background&quot;:&quot;classic&quot;}\">\n\t\t\t\t<\/div>\n\t\t\t\t<\/div>\n\t\t<div class=\"elementor-element elementor-element-1ff98812 e-con-full e-flex e-con e-parent\" data-id=\"1ff98812\" data-element_type=\"container\" data-settings=\"{&quot;background_background&quot;:&quot;classic&quot;}\">\n\t\t<div class=\"elementor-element elementor-element-3d5506c e-con-full e-flex e-con e-child\" data-id=\"3d5506c\" data-element_type=\"container\">\n\t\t\t\t<div class=\"elementor-element elementor-element-71774f15 elementor-widget__width-inherit elementor-widget-divider--view-line elementor-invisible elementor-widget elementor-widget-divider\" data-id=\"71774f15\" data-element_type=\"widget\" data-settings=\"{&quot;_animation&quot;:&quot;fadeInLeft&quot;}\" data-widget_type=\"divider.default\">\n\t\t\t\t\t\t\t<div class=\"elementor-divider\">\n\t\t\t<span class=\"elementor-divider-separator\">\n\t\t\t\t\t\t<\/span>\n\t\t<\/div>\n\t\t\t\t\t\t<\/div>\n\t\t\t\t<div class=\"elementor-element elementor-element-316f4488 elementor-widget__width-initial elementor-widget-tablet__width-inherit elementor-widget elementor-widget-heading\" data-id=\"316f4488\" data-element_type=\"widget\" data-widget_type=\"heading.default\">\n\t\t\t\t\t<h2 class=\"elementor-heading-title elementor-size-default\">Stellen Sie sich vor, Sie h\u00e4tten 10 neue Mitarbeiter die automatisch f\u00fcr Sie Aufgaben \u00fcbernehmen<\/h2>\t\t\t\t<\/div>\n\t\t\t\t<div class=\"elementor-element elementor-element-4e9f2936 elementor-widget__width-initial elementor-widget-tablet__width-inherit elementor-widget elementor-widget-text-editor\" data-id=\"4e9f2936\" data-element_type=\"widget\" data-widget_type=\"text-editor.default\">\n\t\t\t\t\t\t\t\t\t<p>Die Ver\u00e4nderungen werden disruptiv und herausfordernd sein.<\/p><p>Es gibt nahezu keine Branche die nicht von KI profitieren kann. Viele Prozesse lassen sich automatisieren. Gerade im Vertrieb und Marketing gibt es hier viele Chancen. Sie k\u00f6nnen nicht nur Ihre Vertriebspower ausbauen sondern auch gleichzeitig Kosten sparen.<\/p><p>Ich habe mich darauf spezialisiert Unternehmen beim digitalen Wandel tatkr\u00e4ftig zu unterst\u00fctzen.<\/p>\t\t\t\t\t\t\t\t<\/div>\n\t\t\t\t<\/div>\n\t\t\t\t<div class=\"elementor-element elementor-element-507b1ae5 elementor-widget__width-inherit elementor-invisible elementor-widget elementor-widget-image\" data-id=\"507b1ae5\" data-element_type=\"widget\" data-settings=\"{&quot;_animation&quot;:&quot;fadeInUp&quot;}\" data-widget_type=\"image.default\">\n\t\t\t\t\t\t\t\t\t\t\t\t\t\t\t<img decoding=\"async\" width=\"1536\" height=\"512\" src=\"https:\/\/ki-now.ch\/wp-content\/uploads\/2025\/08\/Ki.png\" class=\"attachment-full size-full wp-image-71\" alt=\"\" srcset=\"https:\/\/ki-now.ch\/wp-content\/uploads\/2025\/08\/Ki.png 1536w, https:\/\/ki-now.ch\/wp-content\/uploads\/2025\/08\/Ki-300x100.png 300w, https:\/\/ki-now.ch\/wp-content\/uploads\/2025\/08\/Ki-1024x341.png 1024w, https:\/\/ki-now.ch\/wp-content\/uploads\/2025\/08\/Ki-768x256.png 768w\" sizes=\"(max-width: 1536px) 100vw, 1536px\" \/>\t\t\t\t\t\t\t\t\t\t\t\t\t\t\t<\/div>\n\t\t\t\t<\/div>\n\t\t<div class=\"elementor-element elementor-element-fd829bc e-flex e-con-boxed e-con e-parent\" data-id=\"fd829bc\" data-element_type=\"container\">\n\t\t\t\t\t<div class=\"e-con-inner\">\n\t\t\t\t<div class=\"elementor-element elementor-element-a68de5f elementor-widget elementor-widget-text-editor\" data-id=\"a68de5f\" data-element_type=\"widget\" data-widget_type=\"text-editor.default\">\n\t\t\t\t\t\t\t\t\t<p>KI NOW | Seebnestrasse 3 | 8185 Winkel<\/p>\t\t\t\t\t\t\t\t<\/div>\n\t\t\t\t\t<\/div>\n\t\t\t\t<\/div>\n\t\t\t\t<\/div>\n\t\t","protected":false},"excerpt":{"rendered":"<p>Wir machen wirkungsvolle Zukunftsberatung f\u00fcr Unternehmen und sorgen f\u00fcr eine nachhaltige und erfolgreiche Umsetzung Mit Business-Automation, smarten KI-Tools und vielfach erprobten Strategien aus \u00fcber 20 Jahren Erfahrung in Vertrieb und Marketnig Ist Ihr Unternehmen fit f\u00fcr die Zukunft? WIR MAChen SIE Hocheffizient UND RENTABEL Jeden Tag Fortschritt Anfrage stellen Stellen Sie sich vor, Sie h\u00e4tten [&hellip;]<\/p>\n","protected":false},"author":1,"featured_media":0,"parent":0,"menu_order":0,"comment_status":"closed","ping_status":"closed","template":"elementor_canvas","meta":{"footnotes":""},"class_list":["post-8","page","type-page","status-publish","hentry"],"_links":{"self":[{"href":"https:\/\/ki-now.ch\/index.php\/wp-json\/wp\/v2\/pages\/8","targetHints":{"allow":["GET"]}}],"collection":[{"href":"https:\/\/ki-now.ch\/index.php\/wp-json\/wp\/v2\/pages"}],"about":[{"href":"https:\/\/ki-now.ch\/index.php\/wp-json\/wp\/v2\/types\/page"}],"author":[{"embeddable":true,"href":"https:\/\/ki-now.ch\/index.php\/wp-json\/wp\/v2\/users\/1"}],"replies":[{"embeddable":true,"href":"https:\/\/ki-now.ch\/index.php\/wp-json\/wp\/v2\/comments?post=8"}],"version-history":[{"count":73,"href":"https:\/\/ki-now.ch\/index.php\/wp-json\/wp\/v2\/pages\/8\/revisions"}],"predecessor-version":[{"id":95,"href":"https:\/\/ki-now.ch\/index.php\/wp-json\/wp\/v2\/pages\/8\/revisions\/95"}],"wp:attachment":[{"href":"https:\/\/ki-now.ch\/index.php\/wp-json\/wp\/v2\/media?parent=8"}],"curies":[{"name":"wp","href":"https:\/\/api.w.org\/{rel}","templated":true}]}}